{"id":1749,"date":"2022-08-25T20:00:27","date_gmt":"2022-08-25T18:00:27","guid":{"rendered":"https:\/\/www.vinavinae.com\/blog\/?page_id=1749"},"modified":"2022-08-25T20:08:36","modified_gmt":"2022-08-25T18:08:36","slug":"vinavinae-distribuciones-contacto","status":"publish","type":"page","link":"https:\/\/www.vinavinae.com\/blog\/vinavinae-distribuciones-contacto\/","title":{"rendered":"VinaVinae Distribuciones Contacto"},"content":{"rendered":"\t\t<div data-elementor-type=\"wp-page\" data-elementor-id=\"1749\" class=\"elementor elementor-1749\">\n\t\t\t\t\t\t<section class=\"elementor-section elementor-top-section elementor-element elementor-element-ca920f8 elementor-section-content-bottom elementor-section-boxed elementor-section-height-default elementor-section-height-default\" data-id=\"ca920f8\" data-element_type=\"section\">\n\t\t\t\t\t\t<div class=\"elementor-container elementor-column-gap-default\">\n\t\t\t\t\t<div class=\"elementor-column elementor-col-100 elementor-top-column elementor-element elementor-element-613ad79\" data-id=\"613ad79\" data-element_type=\"column\">\n\t\t\t<div class=\"elementor-widget-wrap elementor-element-populated\">\n\t\t\t\t\t\t<div class=\"elementor-element elementor-element-d90e60c elementor-widget elementor-widget-image\" data-id=\"d90e60c\" data-element_type=\"widget\" data-widget_type=\"image.default\">\n\t\t\t\t<div class=\"elementor-widget-container\">\n\t\t\t\t\t\t\t\t\t\t\t\t\t<img decoding=\"async\" width=\"204\" height=\"78\" src=\"https:\/\/www.vinavinae.com\/blog\/wp-content\/uploads\/logo-vinavinae-distribuiciones.png\" class=\"attachment-large size-large wp-image-1498\" alt=\"\" \/>\t\t\t\t\t\t\t\t\t\t\t\t\t<\/div>\n\t\t\t\t<\/div>\n\t\t\t\t\t<\/div>\n\t\t<\/div>\n\t\t\t\t\t<\/div>\n\t\t<\/section>\n\t\t\t\t<section class=\"elementor-section elementor-top-section elementor-element elementor-element-f3dc1a2 elementor-section-boxed elementor-section-height-default elementor-section-height-default\" data-id=\"f3dc1a2\" data-element_type=\"section\">\n\t\t\t\t\t\t<div class=\"elementor-container elementor-column-gap-default\">\n\t\t\t\t\t<div class=\"elementor-column elementor-col-100 elementor-top-column elementor-element elementor-element-fc7c4d7\" data-id=\"fc7c4d7\" data-element_type=\"column\">\n\t\t\t<div class=\"elementor-widget-wrap elementor-element-populated\">\n\t\t\t\t\t\t<div class=\"elementor-element elementor-element-5eb6a45 elementor-widget elementor-widget-heading\" data-id=\"5eb6a45\" data-element_type=\"widget\" data-widget_type=\"heading.default\">\n\t\t\t\t<div class=\"elementor-widget-container\">\n\t\t\t<h1 class=\"elementor-heading-title elementor-size-default\">Contacto<\/h1>\t\t<\/div>\n\t\t\t\t<\/div>\n\t\t\t\t<div class=\"elementor-element elementor-element-3ff7f4a elementor-widget elementor-widget-shortcode\" data-id=\"3ff7f4a\" data-element_type=\"widget\" data-widget_type=\"shortcode.default\">\n\t\t\t\t<div class=\"elementor-widget-container\">\n\t\t\t\t\t<div class=\"elementor-shortcode\">\n<div class=\"wpcf7 no-js\" id=\"wpcf7-f1748-o1\" lang=\"es-ES\" dir=\"ltr\">\n<div class=\"screen-reader-response\"><p role=\"status\" aria-live=\"polite\" aria-atomic=\"true\"><\/p> <ul><\/ul><\/div>\n<form action=\"\/blog\/wp-json\/wp\/v2\/pages\/1749#wpcf7-f1748-o1\" method=\"post\" class=\"wpcf7-form init wpcf7-acceptance-as-validation\" aria-label=\"Formulario de contacto\" novalidate=\"novalidate\" data-status=\"init\">\n<div style=\"display: none;\">\n<input type=\"hidden\" name=\"_wpcf7\" value=\"1748\" \/>\n<input type=\"hidden\" name=\"_wpcf7_version\" value=\"5.9.2\" \/>\n<input type=\"hidden\" name=\"_wpcf7_locale\" value=\"es_ES\" \/>\n<input type=\"hidden\" name=\"_wpcf7_unit_tag\" value=\"wpcf7-f1748-o1\" \/>\n<input type=\"hidden\" name=\"_wpcf7_container_post\" value=\"0\" \/>\n<input type=\"hidden\" name=\"_wpcf7_posted_data_hash\" value=\"\" \/>\n<input type=\"hidden\" name=\"_wpcf7_recaptcha_response\" value=\"\" \/>\n<\/div>\n<p><label> Nombre (requerido)<br \/>\n<span class=\"wpcf7-form-control-wrap\" data-name=\"your-name\"><input size=\"40\" class=\"wpcf7-form-control wpcf7-text wpcf7-validates-as-required\" aria-required=\"true\" aria-invalid=\"false\" value=\"\" type=\"text\" name=\"your-name\" \/><\/span> <\/label>\n<\/p>\n<p><label> Correo electr\u00f3nico (requerido)<br \/>\n<span class=\"wpcf7-form-control-wrap\" data-name=\"your-email\"><input size=\"40\" class=\"wpcf7-form-control wpcf7-email wpcf7-validates-as-required wpcf7-text wpcf7-validates-as-email\" aria-required=\"true\" aria-invalid=\"false\" value=\"\" type=\"email\" name=\"your-email\" \/><\/span> <\/label>\n<\/p>\n<p><label> Asunto<br \/>\n<span class=\"wpcf7-form-control-wrap\" data-name=\"your-subject\"><input size=\"40\" class=\"wpcf7-form-control wpcf7-text\" aria-invalid=\"false\" value=\"\" type=\"text\" name=\"your-subject\" \/><\/span> <\/label>\n<\/p>\n<p><label> Mensaje<br \/>\n<span class=\"wpcf7-form-control-wrap\" data-name=\"your-message\"><textarea cols=\"40\" rows=\"10\" class=\"wpcf7-form-control wpcf7-textarea\" aria-invalid=\"false\" name=\"your-message\"><\/textarea><\/span> <\/label>\n<\/p>\n<p><span class=\"wpcf7-form-control-wrap\" data-name=\"acceptance-723\"><span class=\"wpcf7-form-control wpcf7-acceptance\"><span class=\"wpcf7-list-item\"><label><input type=\"checkbox\" name=\"acceptance-723\" value=\"1\" aria-invalid=\"false\" \/><span class=\"wpcf7-list-item-label\">He le\u00eddo y acepto la <a href=\"https:\/\/www.vinavinae.com\/blog\/nota-legal\/\" target=\"_blank\">Pol\u00edtica de Privacidad<\/a><\/span><\/label><\/span><\/span><\/span>\n<\/p>\n\n<p style=\"font-size:90%;line-height:1.2em;\"><br \/>\n<i>En nombre de la empresa tratamos la informaci\u00f3n que nos facilita con el fin de prestarles el servicio solicitado. Los datos no se ceder\u00e1n a terceros salvo en los casos en que exista una obligaci\u00f3n legal. Usted tiene derecho a obtener confirmaci\u00f3n sobre si en VINAVINAE estamos tratando sus datos personales por tanto tiene derecho a acceder a sus datos personales, rectificar los datos inexactos o solicitar su supresi\u00f3n cuando los datos ya no sean necesarios.<\/i>\n<\/p>\n<p><input class=\"wpcf7-form-control wpcf7-submit has-spinner\" type=\"submit\" value=\"Enviar\" \/>\n<\/p><p style=\"display: none !important;\" class=\"akismet-fields-container\" data-prefix=\"_wpcf7_ak_\"><label>&#916;<textarea name=\"_wpcf7_ak_hp_textarea\" cols=\"45\" rows=\"8\" maxlength=\"100\"><\/textarea><\/label><input type=\"hidden\" id=\"ak_js_1\" name=\"_wpcf7_ak_js\" value=\"12\"\/><script>document.getElementById( \"ak_js_1\" ).setAttribute( \"value\", ( new Date() ).getTime() );<\/script><\/p><div class=\"wpcf7-response-output\" aria-hidden=\"true\"><\/div>\n<\/form>\n<\/div>\n<\/div>\n\t\t\t\t<\/div>\n\t\t\t\t<\/div>\n\t\t\t\t\t<\/div>\n\t\t<\/div>\n\t\t\t\t\t<\/div>\n\t\t<\/section>\n\t\t\t\t<section class=\"elementor-section elementor-top-section elementor-element elementor-element-1215147 elementor-section-content-bottom elementor-section-boxed elementor-section-height-default elementor-section-height-default\" data-id=\"1215147\" data-element_type=\"section\">\n\t\t\t\t\t\t<div class=\"elementor-container elementor-column-gap-default\">\n\t\t\t\t\t<div class=\"elementor-column elementor-col-100 elementor-top-column elementor-element elementor-element-84c8a95\" data-id=\"84c8a95\" data-element_type=\"column\">\n\t\t\t<div class=\"elementor-widget-wrap elementor-element-populated\">\n\t\t\t\t\t\t<section class=\"elementor-section elementor-inner-section elementor-element elementor-element-2e3394f elementor-section-boxed elementor-section-height-default elementor-section-height-default\" data-id=\"2e3394f\" data-element_type=\"section\">\n\t\t\t\t\t\t<div class=\"elementor-container elementor-column-gap-default\">\n\t\t\t\t\t<div class=\"elementor-column elementor-col-50 elementor-inner-column elementor-element elementor-element-da327b3\" data-id=\"da327b3\" data-element_type=\"column\">\n\t\t\t<div class=\"elementor-widget-wrap elementor-element-populated\">\n\t\t\t\t\t\t<div class=\"elementor-element elementor-element-20b92ff elementor-widget__width-auto elementor-widget elementor-widget-button\" data-id=\"20b92ff\" data-element_type=\"widget\" data-widget_type=\"button.default\">\n\t\t\t\t<div class=\"elementor-widget-container\">\n\t\t\t\t\t<div class=\"elementor-button-wrapper\">\n\t\t\t<a class=\"elementor-button elementor-button-link elementor-size-sm\" href=\"https:\/\/www.vinavinae.com\/blog\/nota-legal\/\">\n\t\t\t\t\t\t<span class=\"elementor-button-content-wrapper\">\n\t\t\t\t\t\t<span class=\"elementor-button-text\">Aviso legal<\/span>\n\t\t<\/span>\n\t\t\t\t\t<\/a>\n\t\t<\/div>\n\t\t\t\t<\/div>\n\t\t\t\t<\/div>\n\t\t\t\t<div class=\"elementor-element elementor-element-ec6d6d3 elementor-widget__width-auto elementor-widget elementor-widget-button\" data-id=\"ec6d6d3\" data-element_type=\"widget\" data-widget_type=\"button.default\">\n\t\t\t\t<div class=\"elementor-widget-container\">\n\t\t\t\t\t<div class=\"elementor-button-wrapper\">\n\t\t\t<a class=\"elementor-button elementor-button-link elementor-size-sm\" href=\"https:\/\/www.vinavinae.com\/blog\/politica-de-cookies\/\">\n\t\t\t\t\t\t<span class=\"elementor-button-content-wrapper\">\n\t\t\t\t\t\t<span class=\"elementor-button-text\">Pol\u00edtica de cookies<\/span>\n\t\t<\/span>\n\t\t\t\t\t<\/a>\n\t\t<\/div>\n\t\t\t\t<\/div>\n\t\t\t\t<\/div>\n\t\t\t\t<div class=\"elementor-element elementor-element-cc8d2d1 elementor-widget__width-auto elementor-widget elementor-widget-button\" data-id=\"cc8d2d1\" data-element_type=\"widget\" data-widget_type=\"button.default\">\n\t\t\t\t<div class=\"elementor-widget-container\">\n\t\t\t\t\t<div class=\"elementor-button-wrapper\">\n\t\t\t<a class=\"elementor-button elementor-button-link elementor-size-sm\" href=\"https:\/\/www.vinavinae.com\/blog\/vinavinae-distribuciones-contacto\/\">\n\t\t\t\t\t\t<span class=\"elementor-button-content-wrapper\">\n\t\t\t\t\t\t<span class=\"elementor-button-text\">Contacto<\/span>\n\t\t<\/span>\n\t\t\t\t\t<\/a>\n\t\t<\/div>\n\t\t\t\t<\/div>\n\t\t\t\t<\/div>\n\t\t\t\t<div class=\"elementor-element elementor-element-7cb5d7c elementor-widget__width-auto elementor-widget elementor-widget-button\" data-id=\"7cb5d7c\" data-element_type=\"widget\" data-widget_type=\"button.default\">\n\t\t\t\t<div class=\"elementor-widget-container\">\n\t\t\t\t\t<div class=\"elementor-button-wrapper\">\n\t\t\t<a class=\"elementor-button elementor-button-link elementor-size-sm\" href=\"https:\/\/www.vinavinae.com\/distribuciones\/\">\n\t\t\t\t\t\t<span class=\"elementor-button-content-wrapper\">\n\t\t\t\t\t\t<span class=\"elementor-button-text\">Inicio<\/span>\n\t\t<\/span>\n\t\t\t\t\t<\/a>\n\t\t<\/div>\n\t\t\t\t<\/div>\n\t\t\t\t<\/div>\n\t\t\t\t\t<\/div>\n\t\t<\/div>\n\t\t\t\t<div class=\"elementor-column elementor-col-50 elementor-inner-column elementor-element elementor-element-2744792\" data-id=\"2744792\" data-element_type=\"column\">\n\t\t\t<div class=\"elementor-widget-wrap elementor-element-populated\">\n\t\t\t\t\t\t<div class=\"elementor-element elementor-element-8b2d80a elementor-shape-square e-grid-align-right elementor-grid-0 elementor-widget elementor-widget-social-icons\" data-id=\"8b2d80a\" data-element_type=\"widget\" data-widget_type=\"social-icons.default\">\n\t\t\t\t<div class=\"elementor-widget-container\">\n\t\t\t\t\t<div class=\"elementor-social-icons-wrapper elementor-grid\">\n\t\t\t\t\t\t\t<span class=\"elementor-grid-item\">\n\t\t\t\t\t<a class=\"elementor-icon elementor-social-icon elementor-social-icon-facebook elementor-repeater-item-e22a548\" href=\"https:\/\/m.facebook.com\/VinaVinae-Distribuciones-104459668069199\/\" target=\"_blank\">\n\t\t\t\t\t\t<span class=\"elementor-screen-only\">Facebook<\/span>\n\t\t\t\t\t\t<i class=\"fab fa-facebook\"><\/i>\t\t\t\t\t<\/a>\n\t\t\t\t<\/span>\n\t\t\t\t\t<\/div>\n\t\t\t\t<\/div>\n\t\t\t\t<\/div>\n\t\t\t\t<div class=\"elementor-element elementor-element-d67b082 elementor-widget__width-auto elementor-widget elementor-widget-heading\" data-id=\"d67b082\" data-element_type=\"widget\" data-widget_type=\"heading.default\">\n\t\t\t\t<div class=\"elementor-widget-container\">\n\t\t\t<div class=\"elementor-heading-title elementor-size-default\">@ 2022 Todos los derechos reservados<\/div>\t\t<\/div>\n\t\t\t\t<\/div>\n\t\t\t\t\t<\/div>\n\t\t<\/div>\n\t\t\t\t\t<\/div>\n\t\t<\/section>\n\t\t\t\t\t<\/div>\n\t\t<\/div>\n\t\t\t\t\t<\/div>\n\t\t<\/section>\n\t\t\t\t<\/div>\n\t\t","protected":false},"excerpt":{"rendered":"<p>Contacto Aviso legal Pol\u00edtica de cookies Contacto Inicio Facebook @ 2022 Todos los derechos reservados<\/p>\n","protected":false},"author":1,"featured_media":0,"parent":0,"menu_order":0,"comment_status":"closed","ping_status":"closed","template":"elementor_canvas","meta":{"_acf_changed":false,"footnotes":""},"acf":[],"yoast_head":"<!-- This site is optimized with the Yoast SEO plugin v22.3 - https:\/\/yoast.com\/wordpress\/plugins\/seo\/ -->\n<title>VinaVinae Distribuciones Contacto<\/title>\n<meta name=\"robots\" content=\"index, follow, max-snippet:-1, max-image-preview:large, max-video-preview:-1\" \/>\n<link rel=\"canonical\" href=\"https:\/\/www.vinavinae.com\/blog\/vinavinae-distribuciones-contacto\/\" \/>\n<meta property=\"og:locale\" content=\"es_ES\" \/>\n<meta property=\"og:type\" content=\"article\" \/>\n<meta property=\"og:title\" content=\"VinaVinae Distribuciones Contacto\" \/>\n<meta property=\"og:description\" content=\"Contacto Aviso legal Pol\u00edtica de cookies Contacto Inicio Facebook @ 2022 Todos los derechos reservados\" \/>\n<meta property=\"og:url\" content=\"https:\/\/www.vinavinae.com\/blog\/vinavinae-distribuciones-contacto\/\" \/>\n<meta property=\"og:site_name\" content=\"VinaVinae\" \/>\n<meta property=\"article:publisher\" content=\"http:\/\/www.facebook.com\/vinavinaecom\" \/>\n<meta property=\"article:modified_time\" content=\"2022-08-25T18:08:36+00:00\" \/>\n<meta property=\"og:image\" content=\"https:\/\/www.vinavinae.com\/blog\/wp-content\/uploads\/logo-vinavinae-distribuiciones.png\" \/>\n<meta name=\"twitter:card\" content=\"summary_large_image\" \/>\n<meta name=\"twitter:label1\" content=\"Tiempo de lectura\" \/>\n\t<meta name=\"twitter:data1\" content=\"1 minuto\" \/>\n<script type=\"application\/ld+json\" class=\"yoast-schema-graph\">{\"@context\":\"https:\/\/schema.org\",\"@graph\":[{\"@type\":\"WebPage\",\"@id\":\"https:\/\/www.vinavinae.com\/blog\/vinavinae-distribuciones-contacto\/\",\"url\":\"https:\/\/www.vinavinae.com\/blog\/vinavinae-distribuciones-contacto\/\",\"name\":\"VinaVinae Distribuciones Contacto\",\"isPartOf\":{\"@id\":\"https:\/\/www.vinavinae.com\/blog\/#website\"},\"primaryImageOfPage\":{\"@id\":\"https:\/\/www.vinavinae.com\/blog\/vinavinae-distribuciones-contacto\/#primaryimage\"},\"image\":{\"@id\":\"https:\/\/www.vinavinae.com\/blog\/vinavinae-distribuciones-contacto\/#primaryimage\"},\"thumbnailUrl\":\"https:\/\/www.vinavinae.com\/blog\/wp-content\/uploads\/logo-vinavinae-distribuiciones.png\",\"datePublished\":\"2022-08-25T18:00:27+00:00\",\"dateModified\":\"2022-08-25T18:08:36+00:00\",\"breadcrumb\":{\"@id\":\"https:\/\/www.vinavinae.com\/blog\/vinavinae-distribuciones-contacto\/#breadcrumb\"},\"inLanguage\":\"es\",\"potentialAction\":[{\"@type\":\"ReadAction\",\"target\":[\"https:\/\/www.vinavinae.com\/blog\/vinavinae-distribuciones-contacto\/\"]}]},{\"@type\":\"ImageObject\",\"inLanguage\":\"es\",\"@id\":\"https:\/\/www.vinavinae.com\/blog\/vinavinae-distribuciones-contacto\/#primaryimage\",\"url\":\"https:\/\/www.vinavinae.com\/blog\/wp-content\/uploads\/logo-vinavinae-distribuiciones.png\",\"contentUrl\":\"https:\/\/www.vinavinae.com\/blog\/wp-content\/uploads\/logo-vinavinae-distribuiciones.png\",\"width\":204,\"height\":78},{\"@type\":\"BreadcrumbList\",\"@id\":\"https:\/\/www.vinavinae.com\/blog\/vinavinae-distribuciones-contacto\/#breadcrumb\",\"itemListElement\":[{\"@type\":\"ListItem\",\"position\":1,\"name\":\"Portada\",\"item\":\"https:\/\/www.vinavinae.com\/blog\/\"},{\"@type\":\"ListItem\",\"position\":2,\"name\":\"VinaVinae Distribuciones Contacto\"}]},{\"@type\":\"WebSite\",\"@id\":\"https:\/\/www.vinavinae.com\/blog\/#website\",\"url\":\"https:\/\/www.vinavinae.com\/blog\/\",\"name\":\"VinaVinae\",\"description\":\"\",\"publisher\":{\"@id\":\"https:\/\/www.vinavinae.com\/blog\/#organization\"},\"potentialAction\":[{\"@type\":\"SearchAction\",\"target\":{\"@type\":\"EntryPoint\",\"urlTemplate\":\"https:\/\/www.vinavinae.com\/blog\/?s={search_term_string}\"},\"query-input\":\"required name=search_term_string\"}],\"inLanguage\":\"es\"},{\"@type\":\"Organization\",\"@id\":\"https:\/\/www.vinavinae.com\/blog\/#organization\",\"name\":\"VinaVinae\",\"url\":\"https:\/\/www.vinavinae.com\/blog\/\",\"logo\":{\"@type\":\"ImageObject\",\"inLanguage\":\"es\",\"@id\":\"https:\/\/www.vinavinae.com\/blog\/#\/schema\/logo\/image\/\",\"url\":\"https:\/\/www.vinavinae.com\/blog\/wp-content\/uploads\/cropped-vina_vinae_logo_blog.fw_.png\",\"contentUrl\":\"https:\/\/www.vinavinae.com\/blog\/wp-content\/uploads\/cropped-vina_vinae_logo_blog.fw_.png\",\"width\":240,\"height\":61,\"caption\":\"VinaVinae\"},\"image\":{\"@id\":\"https:\/\/www.vinavinae.com\/blog\/#\/schema\/logo\/image\/\"},\"sameAs\":[\"http:\/\/www.facebook.com\/vinavinaecom\",\"http:\/\/www.instagram.com\/vinavinae\/\"]}]}<\/script>\n<!-- \/ Yoast SEO plugin. -->","yoast_head_json":{"title":"VinaVinae Distribuciones Contacto","robots":{"index":"index","follow":"follow","max-snippet":"max-snippet:-1","max-image-preview":"max-image-preview:large","max-video-preview":"max-video-preview:-1"},"canonical":"https:\/\/www.vinavinae.com\/blog\/vinavinae-distribuciones-contacto\/","og_locale":"es_ES","og_type":"article","og_title":"VinaVinae Distribuciones Contacto","og_description":"Contacto Aviso legal Pol\u00edtica de cookies Contacto Inicio Facebook @ 2022 Todos los derechos reservados","og_url":"https:\/\/www.vinavinae.com\/blog\/vinavinae-distribuciones-contacto\/","og_site_name":"VinaVinae","article_publisher":"http:\/\/www.facebook.com\/vinavinaecom","article_modified_time":"2022-08-25T18:08:36+00:00","og_image":[{"url":"https:\/\/www.vinavinae.com\/blog\/wp-content\/uploads\/logo-vinavinae-distribuiciones.png"}],"twitter_card":"summary_large_image","twitter_misc":{"Tiempo de lectura":"1 minuto"},"schema":{"@context":"https:\/\/schema.org","@graph":[{"@type":"WebPage","@id":"https:\/\/www.vinavinae.com\/blog\/vinavinae-distribuciones-contacto\/","url":"https:\/\/www.vinavinae.com\/blog\/vinavinae-distribuciones-contacto\/","name":"VinaVinae Distribuciones Contacto","isPartOf":{"@id":"https:\/\/www.vinavinae.com\/blog\/#website"},"primaryImageOfPage":{"@id":"https:\/\/www.vinavinae.com\/blog\/vinavinae-distribuciones-contacto\/#primaryimage"},"image":{"@id":"https:\/\/www.vinavinae.com\/blog\/vinavinae-distribuciones-contacto\/#primaryimage"},"thumbnailUrl":"https:\/\/www.vinavinae.com\/blog\/wp-content\/uploads\/logo-vinavinae-distribuiciones.png","datePublished":"2022-08-25T18:00:27+00:00","dateModified":"2022-08-25T18:08:36+00:00","breadcrumb":{"@id":"https:\/\/www.vinavinae.com\/blog\/vinavinae-distribuciones-contacto\/#breadcrumb"},"inLanguage":"es","potentialAction":[{"@type":"ReadAction","target":["https:\/\/www.vinavinae.com\/blog\/vinavinae-distribuciones-contacto\/"]}]},{"@type":"ImageObject","inLanguage":"es","@id":"https:\/\/www.vinavinae.com\/blog\/vinavinae-distribuciones-contacto\/#primaryimage","url":"https:\/\/www.vinavinae.com\/blog\/wp-content\/uploads\/logo-vinavinae-distribuiciones.png","contentUrl":"https:\/\/www.vinavinae.com\/blog\/wp-content\/uploads\/logo-vinavinae-distribuiciones.png","width":204,"height":78},{"@type":"BreadcrumbList","@id":"https:\/\/www.vinavinae.com\/blog\/vinavinae-distribuciones-contacto\/#breadcrumb","itemListElement":[{"@type":"ListItem","position":1,"name":"Portada","item":"https:\/\/www.vinavinae.com\/blog\/"},{"@type":"ListItem","position":2,"name":"VinaVinae Distribuciones Contacto"}]},{"@type":"WebSite","@id":"https:\/\/www.vinavinae.com\/blog\/#website","url":"https:\/\/www.vinavinae.com\/blog\/","name":"VinaVinae","description":"","publisher":{"@id":"https:\/\/www.vinavinae.com\/blog\/#organization"},"potentialAction":[{"@type":"SearchAction","target":{"@type":"EntryPoint","urlTemplate":"https:\/\/www.vinavinae.com\/blog\/?s={search_term_string}"},"query-input":"required name=search_term_string"}],"inLanguage":"es"},{"@type":"Organization","@id":"https:\/\/www.vinavinae.com\/blog\/#organization","name":"VinaVinae","url":"https:\/\/www.vinavinae.com\/blog\/","logo":{"@type":"ImageObject","inLanguage":"es","@id":"https:\/\/www.vinavinae.com\/blog\/#\/schema\/logo\/image\/","url":"https:\/\/www.vinavinae.com\/blog\/wp-content\/uploads\/cropped-vina_vinae_logo_blog.fw_.png","contentUrl":"https:\/\/www.vinavinae.com\/blog\/wp-content\/uploads\/cropped-vina_vinae_logo_blog.fw_.png","width":240,"height":61,"caption":"VinaVinae"},"image":{"@id":"https:\/\/www.vinavinae.com\/blog\/#\/schema\/logo\/image\/"},"sameAs":["http:\/\/www.facebook.com\/vinavinaecom","http:\/\/www.instagram.com\/vinavinae\/"]}]}},"_links":{"self":[{"href":"https:\/\/www.vinavinae.com\/blog\/wp-json\/wp\/v2\/pages\/1749"}],"collection":[{"href":"https:\/\/www.vinavinae.com\/blog\/wp-json\/wp\/v2\/pages"}],"about":[{"href":"https:\/\/www.vinavinae.com\/blog\/wp-json\/wp\/v2\/types\/page"}],"author":[{"embeddable":true,"href":"https:\/\/www.vinavinae.com\/blog\/wp-json\/wp\/v2\/users\/1"}],"replies":[{"embeddable":true,"href":"https:\/\/www.vinavinae.com\/blog\/wp-json\/wp\/v2\/comments?post=1749"}],"version-history":[{"count":13,"href":"https:\/\/www.vinavinae.com\/blog\/wp-json\/wp\/v2\/pages\/1749\/revisions"}],"predecessor-version":[{"id":1779,"href":"https:\/\/www.vinavinae.com\/blog\/wp-json\/wp\/v2\/pages\/1749\/revisions\/1779"}],"wp:attachment":[{"href":"https:\/\/www.vinavinae.com\/blog\/wp-json\/wp\/v2\/media?parent=1749"}],"curies":[{"name":"wp","href":"https:\/\/api.w.org\/{rel}","templated":true}]}}